{"id":171,"date":"2014-10-24T11:30:58","date_gmt":"2014-10-24T11:30:58","guid":{"rendered":"https:\/\/demo.proteusthemes.com\/buildpress\/?page_id=171"},"modified":"2024-05-15T16:08:21","modified_gmt":"2024-05-15T16:08:21","slug":"lcg-batiment-realisent-des-constructions-de-maisons-individuelles-de-tous-types-traditionnelle-contemporaine-design-etc-ainsi-que-des-renovations-et-des-extensions-des-offres-de-prix-j","status":"publish","type":"page","link":"http:\/\/www.lcg-batiment-95.fr\/?page_id=171","title":{"rendered":"Nos engagements"},"content":{"rendered":"<div id=\"pl-171\"  class=\"panel-layout\" ><div id=\"pg-171-0\"  class=\"panel-grid panel-no-style\" ><div id=\"pgc-171-0-0\"  class=\"panel-grid-cell\" ><div id=\"panel-171-0-0-0\" class=\"so-panel widget widget_black-studio-tinymce widget_black_studio_tinymce panel-first-child panel-last-child\" data-index=\"0\" ><div class=\"textwidget\"><p>Nous nous engageons \u00e0 nommer un interlocuteur unique, qui sera le chef de chantier durant toute la dur\u00e9e de vos travaux de r\u00e9novation. <strong>LCG BATIMENT<\/strong> g\u00e8re pour votre compte l'ensemble de votre chantier, pour tous les corps d'\u00e9tat et tous les m\u00e9tiers du b\u00e2timent. C'est pour vous une simplification et l'assurance d'avoir un seul responsable \u00e0 m\u00eame de r\u00e9pondre \u00e0 toutes vos demandes.<\/p>\n<p>Nous nous engageons \u00e0 \u00e9tablir rapidement des devis gratuits et d\u00e9taill\u00e9s pour tous vos travaux de r\u00e9novation dans vos appartements, maisons individuelles, locaux professionnels et bureaux. Ainsi, pas de surprise ni de co\u00fbts cach\u00e9s. Vous savez o\u00f9 vous allez. Nous nous engageons \u00e0 respecter le budget accept\u00e9 par les deux parties, sauf si des modifications de travaux impr\u00e9vus doivent \u00eatre r\u00e9alis\u00e9es en cours de route et ce avec accord votre accord.<\/p>\n<p>Nous nous engageons \u00e0 vous remettre des prix calcul\u00e9s au plus juste, mais sans faire de compromis sur la qualit\u00e9, qu'il s'agisse des mat\u00e9riaux ou de la r\u00e9alisation des travaux de r\u00e9novation par nos compagnons.<\/p>\n<p>Nous nous engageons \u00e0 n'utiliser que <strong>des mat\u00e9riaux conformes<\/strong> aux standards de qualit\u00e9 et aux normes en vigueur dans le secteur du b\u00e2timent, de la construction neuve et dans la r\u00e9novation de maisons, appartements et locaux professionnels.<\/p>\n<p>Nous nous engageons \u00e0 faire r\u00e9aliser vos travaux par des ouvriers qualifi\u00e9s salari\u00e9s.<\/p>\n<p>Nous nous engageons \u00e0 respecter les r\u00e8gles de l'art et la <strong>r\u00e9glementation<\/strong>, notamment les normes en vigueur. Celles-ci \u00e9voluant r\u00e9guli\u00e8rement, nous maintenons une veille permanente et assurons la mise \u00e0 niveau par la formation continue de nos compagnons, dans tous les corps de m\u00e9tiers.<\/p>\n<p>Nous nous engageons par \u00e9crit \u00e0 respecter les d\u00e9lais que nous vous avons communiqu\u00e9s, c'est-\u00e0-dire sur les dates auxquelles nous d\u00e9marrerons et finirons les travaux. Bien s\u00fbr, un impond\u00e9rable est toujours possible; nous ne ma\u00eetrisons par exemple pas les conditions climatiques, qui - dans des cas extr\u00eames - peuvent nous amener \u00e0 diff\u00e9rer certains travaux neufs ou de r\u00e9novation \u00e0 l'ext\u00e9rieur. Quoiqu'il en soit, nous ferons toujours le maximum pour rester au plus pr\u00e8s des d\u00e9lais convenus.<\/p>\n<p>Nous nous engageons \u00e0 assurer le bon d\u00e9roulement des travaux par un suivi rigoureux et permanent. Des r\u00e9unions de chantier sont organis\u00e9es chaque semaine avec le chef de chantier. En fin de chantier, une r\u00e9union de r\u00e9ception a lieu sur place et nous nous engageons \u00e0 lever les r\u00e9serves \u00e9ventuelles dans les meilleurs d\u00e9lais selon la nature des corrections \u00e0 apporter.<\/p>\n<p>Nous nous engageons \u00e0 intervenir sur votre demande dans l'ann\u00e9e apr\u00e8s la r\u00e9ception des travaux que nous avons effectu\u00e9s pour vous si vous rencontriez un \u00e9ventuel probl\u00e8me en rapport \u00e0 ces travaux.<\/p>\n<p>Enfin, nous nous engageons \u00e0 apporter une <strong>garantie d\u00e9cennale<\/strong> et \u00e0 mettre en \u0153uvre notre responsabilit\u00e9 civile professionnelle si n\u00e9cessaire.<\/p>\n<p>Car ce qui compte \u00e0 nos yeux, c'est votre satisfaction. Nous savons que celle-ci est le gage d'une relation durable et r\u00e9currente et qu'un client satisfait est notre meilleur ambassadeur !<\/p>\n<p>\u00a0<\/p>\n<\/div><\/div><\/div><div id=\"pgc-171-0-1\"  class=\"panel-grid-cell\" ><div id=\"panel-171-0-1-0\" class=\"so-panel widget widget_black-studio-tinymce widget_black_studio_tinymce panel-first-child panel-last-child\" data-index=\"1\" ><div class=\"textwidget\"><h3><\/h3>\n<h3><img decoding=\"async\" class=\"wp-image-3894 alignnone\" src=\"http:\/\/www.lcg-batiment-95.fr\/wp-content\/uploads\/2022\/09\/devis-300x175.jpg\" alt=\"\" width=\"238\" height=\"139\" srcset=\"http:\/\/www.lcg-batiment-95.fr\/wp-content\/uploads\/2022\/09\/devis-300x175.jpg 300w, http:\/\/www.lcg-batiment-95.fr\/wp-content\/uploads\/2022\/09\/devis.jpg 550w\" sizes=\"(max-width: 238px) 100vw, 238px\" \/><\/h3>\n<p><strong>Gratuit<\/strong> - pour un prix estimatif<\/p>\n<p><strong>Payant<\/strong> - en cas de d\u00e9placement et\/ou d'\u00e9tudes approfondies<\/p>\n<\/div><\/div><\/div><\/div><\/div>","protected":false},"excerpt":{"rendered":"<p>LCG B\u00e2timent r\u00e9alisent des constructions de maisons individuelles de tous types (traditionnelle, contemporaine, design etc \u2026), ainsi que des r\u00e9novations et des extensions. Des offres de prix justes et d\u00e9taill\u00e9es offrant des conditions particuli\u00e8rement concurrentielles, du personnel qualifi\u00e9 et d\u00e9vou\u00e9, et une la garantie d\u00e9cennale de 10 ans !<\/p>\n","protected":false},"author":1,"featured_media":0,"parent":0,"menu_order":0,"comment_status":"closed","ping_status":"closed","template":"","meta":{"_eb_attr":"","footnotes":""},"class_list":["post-171","page","type-page","status-publish","hentry"],"_links":{"self":[{"href":"http:\/\/www.lcg-batiment-95.fr\/index.php?rest_route=\/wp\/v2\/pages\/171","targetHints":{"allow":["GET"]}}],"collection":[{"href":"http:\/\/www.lcg-batiment-95.fr\/index.php?rest_route=\/wp\/v2\/pages"}],"about":[{"href":"http:\/\/www.lcg-batiment-95.fr\/index.php?rest_route=\/wp\/v2\/types\/page"}],"author":[{"embeddable":true,"href":"http:\/\/www.lcg-batiment-95.fr\/index.php?rest_route=\/wp\/v2\/users\/1"}],"replies":[{"embeddable":true,"href":"http:\/\/www.lcg-batiment-95.fr\/index.php?rest_route=%2Fwp%2Fv2%2Fcomments&post=171"}],"version-history":[{"count":13,"href":"http:\/\/www.lcg-batiment-95.fr\/index.php?rest_route=\/wp\/v2\/pages\/171\/revisions"}],"predecessor-version":[{"id":3892,"href":"http:\/\/www.lcg-batiment-95.fr\/index.php?rest_route=\/wp\/v2\/pages\/171\/revisions\/3892"}],"wp:attachment":[{"href":"http:\/\/www.lcg-batiment-95.fr\/index.php?rest_route=%2Fwp%2Fv2%2Fmedia&parent=171"}],"curies":[{"name":"wp","href":"https:\/\/api.w.org\/{rel}","templated":true}]}}