{"id":3049,"date":"2019-11-24T16:01:00","date_gmt":"2019-11-24T16:01:00","guid":{"rendered":"http:\/\/www.lcg-batiment-95.fr\/?page_id=3049"},"modified":"2019-11-25T20:36:18","modified_gmt":"2019-11-25T20:36:18","slug":"maconnerie-2","status":"publish","type":"page","link":"http:\/\/www.lcg-batiment-95.fr\/?page_id=3049","title":{"rendered":"Ma\u00e7onnerie"},"content":{"rendered":"\n<p class=\"has-text-color has-medium-font-size has-very-dark-gray-color\"><strong><em>Nous r\u00e9alisons tous les travaux de ma\u00e7onnerie en neuf et r\u00e9novation :<\/em><\/strong><\/p>\n\n\n\n<p class=\"has-text-color has-medium-font-size has-very-dark-gray-color\">\u2013 Chape b\u00e9ton,<\/p>\n\n\n\n<p class=\"has-text-color has-medium-font-size has-very-dark-gray-color\">\u2013 R\u00e9novation, construction de mur en brique ou parpaing,<\/p>\n\n\n\n<p class=\"has-text-color has-medium-font-size has-very-dark-gray-color\">\u2013 R\u00e9fection de fa\u00e7ade,&nbsp; rejointoiement de chemin\u00e9e,<\/p>\n\n\n\n<p class=\"has-text-color has-medium-font-size has-very-dark-gray-color\">\u2013 Cr\u00e9ation d\u2019ouverture, Cloisons s\u00e9paratives, Terrasses, Murets d\u2019ornements, Murets de cl\u00f4tures\u2026<\/p>\n\n\n\n<p class=\"has-text-color has-medium-font-size has-very-dark-gray-color\">\u2013 Nous r\u00e9alisons \u00e9galement votre extension compl\u00e8te ou l\u2019am\u00e9nagement de vos combles.R\u00e9novation (cloisonnement, doublage, isolation)<\/p>\n\n\n\n<p class=\"has-text-color has-medium-font-size has-very-dark-gray-color\">\u2013 Carrelage, fa\u00efence (salle de bains, cuisine, etc \u2026)<\/p>\n\n\n\n<h4 class=\"wp-block-heading\"><a href=\"http:\/\/www.lcg-batiment-95.fr\/?page_id=3232\">Ma\u00e7onnerie ( Photo )<\/a><\/h4>\n\n\n\n<p class=\"has-medium-font-size\"><\/p>\n","protected":false},"excerpt":{"rendered":"<p>Nous r\u00e9alisons tous les travaux de ma\u00e7onnerie en neuf et r\u00e9novation : \u2013 Chape b\u00e9ton, \u2013 R\u00e9novation, construction de mur en brique ou parpaing, \u2013 R\u00e9fection de fa\u00e7ade,&nbsp; rejointoiement de chemin\u00e9e, \u2013 Cr\u00e9ation d\u2019ouverture, Cloisons s\u00e9paratives, Terrasses, Murets d\u2019ornements, Murets de cl\u00f4tures\u2026 \u2013 Nous r\u00e9alisons \u00e9galement votre extension compl\u00e8te ou l\u2019am\u00e9nagement de vos combles.R\u00e9novation (cloisonnement, &hellip;<\/p>\n","protected":false},"author":1,"featured_media":0,"parent":0,"menu_order":0,"comment_status":"closed","ping_status":"closed","template":"","meta":{"_eb_attr":"","footnotes":""},"class_list":["post-3049","page","type-page","status-publish","hentry"],"_links":{"self":[{"href":"http:\/\/www.lcg-batiment-95.fr\/index.php?rest_route=\/wp\/v2\/pages\/3049","targetHints":{"allow":["GET"]}}],"collection":[{"href":"http:\/\/www.lcg-batiment-95.fr\/index.php?rest_route=\/wp\/v2\/pages"}],"about":[{"href":"http:\/\/www.lcg-batiment-95.fr\/index.php?rest_route=\/wp\/v2\/types\/page"}],"author":[{"embeddable":true,"href":"http:\/\/www.lcg-batiment-95.fr\/index.php?rest_route=\/wp\/v2\/users\/1"}],"replies":[{"embeddable":true,"href":"http:\/\/www.lcg-batiment-95.fr\/index.php?rest_route=%2Fwp%2Fv2%2Fcomments&post=3049"}],"version-history":[{"count":11,"href":"http:\/\/www.lcg-batiment-95.fr\/index.php?rest_route=\/wp\/v2\/pages\/3049\/revisions"}],"predecessor-version":[{"id":3234,"href":"http:\/\/www.lcg-batiment-95.fr\/index.php?rest_route=\/wp\/v2\/pages\/3049\/revisions\/3234"}],"wp:attachment":[{"href":"http:\/\/www.lcg-batiment-95.fr\/index.php?rest_route=%2Fwp%2Fv2%2Fmedia&parent=3049"}],"curies":[{"name":"wp","href":"https:\/\/api.w.org\/{rel}","templated":true}]}}