{"id":3102,"date":"2019-11-24T16:15:26","date_gmt":"2019-11-24T16:15:26","guid":{"rendered":"http:\/\/www.lcg-batiment-95.fr\/?page_id=3102"},"modified":"2019-11-25T22:05:17","modified_gmt":"2019-11-25T22:05:17","slug":"services","status":"publish","type":"page","link":"http:\/\/www.lcg-batiment-95.fr\/?page_id=3102","title":{"rendered":"Nos services"},"content":{"rendered":"\n<h3 class=\"has-vivid-cyan-blue-color has-text-color wp-block-heading\"><a href=\"http:\/\/www.lcg-batiment-95.fr\/?page_id=3228\"><strong>Gros-\u0152uvre \/ Second \u0153uvre<\/strong> ( Photo )<\/a><\/h3>\n\n\n\n<p class=\"has-text-color has-medium-font-size has-very-dark-gray-color\"> <strong><em>Nous r\u00e9alisons tous les travaux de Gros-oeuvre et Second oeuvre :<\/em><\/strong><\/p>\n\n\n\n<p class=\"has-text-color has-medium-font-size has-very-dark-gray-color\">&#8211; Construction, <\/p>\n\n\n\n<p class=\"has-text-color has-text-align-left has-medium-font-size has-very-dark-gray-color\">&#8211; Terrassement,<\/p>\n\n\n\n<p class=\"has-text-color has-text-align-left has-medium-font-size has-very-dark-gray-color\">&#8211; Fondations sp\u00e9ciales, isol\u00e9es, filantes, massifs, <\/p>\n\n\n\n<p class=\"has-text-color has-text-align-left has-medium-font-size has-very-dark-gray-color\">&#8211; Reprises en sous-\u0153uvre<\/p>\n\n\n\n<p class=\"has-text-color has-text-align-left has-medium-font-size has-very-dark-gray-color\">&#8211; Dallages et dalles port\u00e9es,<\/p>\n\n\n\n<p class=\"has-text-color has-text-align-left has-medium-font-size has-very-dark-gray-color\">&#8211; R\u00e9seaux enterr\u00e9s de toutes natures,<\/p>\n\n\n\n<p class=\"has-text-color has-text-align-left has-medium-font-size has-very-dark-gray-color\">&#8211; Structure en b\u00e9ton, poteaux, poutres Blocs \u00e0 bancher, parpaings, briques pleines et creuses,<\/p>\n\n\n\n<p class=\"has-text-color has-text-align-left has-medium-font-size has-very-dark-gray-color\">&#8211; Planchers dalles pleines, collaborant, pr\u00e9-dalles, dalles alv\u00e9olaires ou pr\u00e9contraintes<\/p>\n\n\n\n<p><\/p>\n\n\n\n<h3 class=\"wp-block-heading\"><a href=\"http:\/\/www.lcg-batiment-95.fr\/?page_id=3232\">Ma\u00e7onnerie  ( Photo ) <\/a><\/h3>\n\n\n\n<p class=\"has-text-color has-medium-font-size has-very-dark-gray-color\"><strong><em>Nous r\u00e9alisons tous les travaux de ma\u00e7onnerie en neuf et r\u00e9novation :<\/em><\/strong><\/p>\n\n\n\n<p class=\"has-text-color has-medium-font-size has-very-dark-gray-color\">&#8211; Chape b\u00e9ton,<\/p>\n\n\n\n<p class=\"has-text-color has-medium-font-size has-very-dark-gray-color\">&#8211; R\u00e9novation, construction de mur en brique ou parpaing,        <\/p>\n\n\n\n<p class=\"has-text-color has-medium-font-size has-very-dark-gray-color\">&#8211; R\u00e9fection de fa\u00e7ade,&nbsp; rejointoiement de chemin\u00e9e, <\/p>\n\n\n\n<p class=\"has-text-color has-medium-font-size has-very-dark-gray-color\">&#8211; Cr\u00e9ation d&rsquo;ouverture, Cloisons s\u00e9paratives, Terrasses, Murets d&rsquo;ornements, Murets de cl\u00f4tures\u2026<\/p>\n\n\n\n<p class=\"has-text-color has-medium-font-size has-very-dark-gray-color\">&#8211; Nous r\u00e9alisons \u00e9galement votre extension compl\u00e8te ou l&rsquo;am\u00e9nagement de vos combles.R\u00e9novation (cloisonnement, doublage, isolation) <\/p>\n\n\n\n<p class=\"has-text-color has-medium-font-size has-very-dark-gray-color\">&#8211; Carrelage, fa\u00efence (salle de bains, \u2026<\/p>\n\n\n\n<h3 class=\"has-vivid-red-color has-text-color wp-block-heading\"> <a href=\"http:\/\/www.lcg-batiment-95.fr\/?page_id=3237\">Charpente \/ Couverture  ( Photo ) <\/a><\/h3>\n\n\n\n<p class=\"has-text-color has-medium-font-size has-very-dark-gray-color\"> <em><strong>R\u00c9ALISATION  ET RESTAURATION DE CHARPENTES EN BOIS ET M\u00c9TALLIQUE<\/strong> <\/em><\/p>\n\n\n\n<p class=\"has-text-color has-medium-font-size has-very-dark-gray-color\">Construction, agrandissement ou  r\u00e9novation, notre \u00e9quipe de charpentiers vous accompagne tout au long de votre projet. Si vous souhaitiez une&nbsp;<strong>charpente traditionnelle<\/strong>&nbsp;ou avec poutres apparentes, nous nous d\u00e9pla\u00e7ons pour \u00e9tudier votre projet avec vous en fonction de la configuration de votre habitat et de votre budget.<\/p>\n\n\n\n<p class=\"has-text-color has-medium-font-size has-very-dark-gray-color\"><strong><em>L\u2019ISOLATION DE VOS COMBLES ET DE VOTRE TOITURE<\/em><\/strong><\/p>\n\n\n\n<p class=\"has-text-color has-medium-font-size has-very-dark-gray-color\"> La d\u00e9perdition de chaleur est importante ,  les combles, la toiture ou les murs   il est primordial de bien isoler pour gagner en confort mais \u00e9galement pour r\u00e9aliser des \u00e9conomies d\u2019\u00e9nergie. <\/p>\n\n\n\n<p class=\"has-text-color has-medium-font-size has-very-dark-gray-color\"><strong>Pour cela, nous r\u00e9alisons vos travaux d\u2019isolation int\u00e9rieure :<\/strong><\/p>\n\n\n\n<p class=\"has-text-color has-medium-font-size has-very-dark-gray-color\">&#8211; &nbsp;l\u2019isolation des combles perdus&nbsp;<\/p>\n\n\n\n<p class=\"has-text-color has-medium-font-size has-very-dark-gray-color\">&#8211;  l\u2019isolation des murs, <\/p>\n\n\n\n<p class=\"has-text-color has-medium-font-size has-very-dark-gray-color\">&#8211; ainsi que vos travaux d\u2019isolation ext\u00e9rieure, comme l\u2019isolation des combles mince ou le sarking<\/p>\n\n\n\n<p class=\"has-text-color has-medium-font-size has-very-dark-gray-color\"><strong><em>TRAVAUX DE COUVERTURE EN NEUF OU EN R\u00c9NOVATION<\/em><\/strong><\/p>\n\n\n\n<p class=\"has-text-color has-medium-font-size has-very-dark-gray-color\"><strong>  Nous r\u00e9alisons ou rempla\u00e7ons les :<\/strong><\/p>\n\n\n\n<p class=\"has-text-color has-medium-font-size has-very-dark-gray-color\">&nbsp;&#8211; couvertures en tuiles, <\/p>\n\n\n\n<p class=\"has-text-color has-medium-font-size has-very-dark-gray-color\">&#8211; ardoise <\/p>\n\n\n\n<p class=\"has-text-color has-medium-font-size has-very-dark-gray-color\">&#8211;  zinc&nbsp;<\/p>\n\n\n\n<p class=\"has-text-color has-medium-font-size has-very-dark-gray-color\">&#8211; Et aussi  tous les \u00e9l\u00e9ments qui la composent pour lui assurer \u00e9tanch\u00e9it\u00e9 et long\u00e9vit\u00e9. Fen\u00eatres de toit, conduits et chapeaux de chemin\u00e9es, chati\u00e8res\u2026 <\/p>\n\n\n\n<p class=\"has-text-color has-medium-font-size has-very-dark-gray-color\"><strong><em>R\u00c9NOVATION ET POSE DE ZINGUERIE&nbsp;: GOUTTI\u00c8RES, CH\u00c9NEAUX, FEN\u00caTRES DE TOIT<\/em><\/strong><\/p>\n\n\n\n<p class=\"has-text-color has-medium-font-size has-very-dark-gray-color\">En neuf ou r\u00e9novation nous posons tous les \u00e9l\u00e9ments de zinguerie  sur tout type de couvertures&nbsp;:&nbsp;<\/p>\n\n\n\n<p class=\"has-text-color has-medium-font-size has-very-dark-gray-color\"><strong>goutti\u00e8res<\/strong>,<strong>&nbsp;ch\u00e9neaux<\/strong>,<strong>&nbsp;abergements<\/strong>,  ( habillages de rives, souches de chemin\u00e9es, tuiles de rives, \u00e9vacuations, colombines ou lucarnes, noues et gambardi\u00e8res\u2026)<\/p>\n\n\n\n<p class=\"has-text-color has-medium-font-size has-very-dark-gray-color\"> <strong><em>ETANCHEITE BITUMINEUSE <\/em><\/strong><\/p>\n\n\n\n<p class=\"has-text-color has-medium-font-size has-very-dark-gray-color\"><strong>La toiture et la terrasse<\/strong>&nbsp;sont tr\u00e8s&nbsp;<strong>expos\u00e9es \u00e0 l\u2019humidit\u00e9 et aux caprices m\u00e9t\u00e9orologiques<\/strong>, c\u2019est pour cette raison qu\u2019il est n\u00e9cessaire&nbsp;<strong>d\u2019avoir une bonne \u00e9tanch\u00e9it\u00e9<\/strong>&nbsp;au niveau de la toiture et de la terrasse.<\/p>\n\n\n\n<h3 class=\"has-very-dark-gray-color has-text-color wp-block-heading\"> <a href=\"http:\/\/www.lcg-batiment-95.fr\/?page_id=3245\">Menuiserie Int\u00e9rieur \/ Ext\u00e9rieur (Photo ) <\/a><\/h3>\n\n\n\n<p class=\"has-text-color has-medium-font-size has-very-dark-gray-color\">  <strong><em>Nous r\u00e9alisons  de tous les travaux de menuiserie en neuf et r\u00e9novation :<\/em><\/strong><\/p>\n\n\n\n<p class=\"has-text-color has-medium-font-size has-very-dark-gray-color\">&#8211; Remplacement de portes, fen\u00eatres, et portes fen\u00eatres (bois, p.v.c. aluminium), <\/p>\n\n\n\n<p class=\"has-text-color has-medium-font-size has-very-dark-gray-color\"> &#8211; Portes de communication d\u2019int\u00e9rieur  <\/p>\n\n\n\n<p class=\"has-text-color has-medium-font-size has-very-dark-gray-color\">&#8211; Pose d\u2019escalier, pose de parquets flottants, ou coll\u00e9s.  <\/p>\n\n\n\n<p class=\"has-text-color has-medium-font-size has-very-dark-gray-color\"><em><strong>Et tous travaux d\u2019am\u00e9nagement int\u00e9rieur<\/strong><\/em>: \u00e9tag\u00e8res, placards, meubles de salle de bains, et de cuisines. Tous les travaux sur mesures et  finitions<\/p>\n\n\n\n<h3 class=\"wp-block-heading\"> <a href=\"http:\/\/www.lcg-batiment-95.fr\/?page_id=3253\">Rev\u00eatement de sol  ( Photo ) <\/a><\/h3>\n\n\n\n<p class=\"has-text-color has-medium-font-size has-very-dark-gray-color\">L\u2019entreprise LCG B\u00e2timent intervient dans la pose de rev\u00eatements de sol tant sur des r\u00e9alisations neuves que dans le cadre de projets de r\u00e9habilitation, individuels ou collectifs, en site occup\u00e9 ou non.<\/p>\n\n\n\n<p class=\"has-text-color has-medium-font-size has-very-dark-gray-color\"><strong><em>POSE DE REV\u00caTEMENTS DE SOL SOUPLES<\/em><\/strong><br>&#8211; R\u00e9alisation de chapes fluides<br>&#8211; Pose de moquette<br>&#8211; Pose de linol\u00e9um<\/p>\n\n\n\n<p class=\"has-text-color has-medium-font-size has-very-dark-gray-color\"><strong><em>POSE DE PARQUET ET REV\u00caTEMENTS DE SOL RIGIDES<\/em><\/strong><\/p>\n\n\n\n<p class=\"has-text-color has-medium-font-size has-very-dark-gray-color\">&#8211; R\u00e9alisation de chapes fluides ou flottantes<br>&#8211; Pose de parquet en ch\u00eane massif  ( colle ou cloue ),  R\u00e9novation  de  parquet en ch\u00eane massif <\/p>\n\n\n\n<p class=\"has-text-color has-medium-font-size has-very-dark-gray-color\">&#8211; Pose de parquet clipsable <br>&#8211; Pose de carrelage<\/p>\n\n\n\n<h3 class=\"wp-block-heading\"><a href=\"http:\/\/www.lcg-batiment-95.fr\/?page_id=3257\">Peinture  ( Photo ) <\/a><\/h3>\n\n\n\n<p class=\"has-text-color has-medium-font-size has-very-dark-gray-color\"> <strong><em>Nous r\u00e9alisons tous les travaux de peinture  en neuf et r\u00e9novation int\u00e9rieur ou ext\u00e9rieur <\/em><\/strong><\/p>\n\n\n\n<p class=\"has-text-color has-medium-font-size has-very-dark-gray-color\">&#8211; Peinture du type  pour toute sorte d\u2019applications en plafonds, et murs,<\/p>\n\n\n\n<p class=\"has-text-color has-medium-font-size has-very-dark-gray-color\">&#8211; Papiers peints, toile de verre peinte, <\/p>\n\n\n\n<p class=\"has-text-color has-medium-font-size has-very-dark-gray-color\">&#8211; Boiseries: portes et fen\u00eatres en bois ( Bois \/ M\u00e9tallique ), et volets ( Bois \/ M\u00e9tallique ) .<\/p>\n\n\n\n<h3 class=\"has-vivid-red-color has-text-color wp-block-heading\"><a href=\"http:\/\/www.lcg-batiment-95.fr\/?page_id=3266\">Electricit\u00e9   ( Photo ) <\/a><\/h3>\n\n\n\n<p class=\"has-text-color has-medium-font-size has-very-dark-gray-color\"><em><strong>INSTALLATIONS \u00c9LECTRIQUES<\/strong><\/em><\/p>\n\n\n\n<p class=\"has-text-color has-medium-font-size has-very-dark-gray-color\">Neuf ou en r\u00e9novation<\/p>\n\n\n\n<p class=\"has-text-color has-medium-font-size has-very-dark-gray-color\">Nous intervenons pour assurer l\u2019installation ou la&nbsp;<strong>r\u00e9novation de votre syst\u00e8me \u00e9lectrique&nbsp;<\/strong>dans le respect des normes en vigueur  sur tout type de maisons, appartements, immeubles, commerces\u2026<\/p>\n\n\n\n<p class=\"has-text-color has-medium-font-size has-very-dark-gray-color\"><strong>Mises aux normes de toute installation \u00e9lectrique<\/strong>, tableau, r\u00e9seau informatique, filerie, appareillage (prises de courant, interrupteurs\u2026).<\/p>\n\n\n\n<p class=\"has-text-color has-normal-font-size has-vivid-red-color\"><em><strong>D\u00c9PANNAGE \u00c9LECTRIQUE &nbsp;7J\/7<\/strong><\/em><\/p>\n\n\n\n<p class=\"has-text-color has-medium-font-size has-very-dark-gray-color\">Nous sommes joignables 7j\/7 pour intervenir efficacement lors d\u2019une&nbsp;<strong>panne \u00e9lectrique<\/strong>. <\/p>\n\n\n\n<p class=\"has-text-color has-medium-font-size has-very-dark-gray-color\">Pour tout d\u00e9pannage \u00e9lectrique, domestique, industriel ou tertiaire, et pour tout&nbsp;<strong>probl\u00e8me d\u2019\u00e9clairage<\/strong>, de disjoncteur thermique, de tableau \u00e9lectrique, de programmation de commandes\u2026 ou tout autre souci, notre \u00e9quipe se d\u00e9place chez vous dans les plus brefs d\u00e9lais.<\/p>\n\n\n\n<h3 class=\"wp-block-heading\"> <a href=\"http:\/\/www.lcg-batiment-95.fr\/?page_id=3270\">Plomberie ( Photo )  <\/a><\/h3>\n\n\n\n<p class=\"has-text-color has-medium-font-size has-very-dark-gray-color\"><strong><em> INSTALLATION DE PLOMBERIE<\/em><\/strong><\/p>\n\n\n\n<p><\/p>\n\n\n\n<p class=\"has-text-color has-medium-font-size has-very-dark-gray-color\"><strong><em> Nous r\u00e9alisons l\u2019installation ou le remplacement de plomberie, que ce soit pour vos \u00e9quipements sanitaires:<\/em><\/strong><\/p>\n\n\n\n<p class=\"has-text-color has-medium-font-size has-very-dark-gray-color\">&#8211;  WC, <\/p>\n\n\n\n<p class=\"has-text-color has-medium-font-size has-very-dark-gray-color\">&#8211; baignoires, <\/p>\n\n\n\n<p class=\"has-text-color has-medium-font-size has-very-dark-gray-color\">&#8211; douches,<\/p>\n\n\n\n<p class=\"has-text-color has-medium-font-size has-very-dark-gray-color\">&#8211; cuisine.<\/p>\n\n\n\n<p class=\"has-text-color has-medium-font-size has-very-dark-gray-color\"><strong><em>Et aussi &nbsp;plomberie g\u00e9n\u00e9rale:<\/em><\/strong><\/p>\n\n\n\n<p class=\"has-text-color has-medium-font-size has-very-dark-gray-color\">&#8211; &nbsp;les canalisations,<\/p>\n\n\n\n<p class=\"has-text-color has-medium-font-size has-very-dark-gray-color\">&#8211; la robinetterie, <\/p>\n\n\n\n<p class=\"has-text-color has-medium-font-size has-very-dark-gray-color\">&#8211; la tuyauterie, <\/p>\n\n\n\n<p class=\"has-text-color has-medium-font-size has-very-dark-gray-color\">&#8211; la mise en marche du cumulus\u2026<\/p>\n\n\n\n<p class=\"has-text-color has-medium-font-size has-vivid-red-color\"><strong><em>Vous avez une fuite ou votre \u00e9vier est bouch\u00e9&nbsp;? Une canalisation entartr\u00e9e&nbsp;?<\/em><\/strong><\/p>\n\n\n\n<p class=\"has-text-color has-medium-font-size has-vivid-red-color\">D\u00c9PANNAGE 7j\/7<\/p>\n\n\n\n<p class=\"has-text-color has-medium-font-size has-very-dark-gray-color\">Nous assurons  de d\u00e9pannage de plomberie 7j\/7 pour venir \u00e0 bout de tous vos soucis. Une expertise sans faille nous permet de rechercher l\u2019origine d\u2019une fuite et d\u2019intervenir sur tout type de canalisations, en r\u00e9parant et rempla\u00e7ant la pi\u00e8ce d\u00e9fectueuse<\/p>\n","protected":false},"excerpt":{"rendered":"<p>Gros-\u0152uvre \/ Second \u0153uvre ( Photo ) Nous r\u00e9alisons tous les travaux de Gros-oeuvre et Second oeuvre : &#8211; Construction, &#8211; Terrassement, &#8211; Fondations sp\u00e9ciales, isol\u00e9es, filantes, massifs, &#8211; Reprises en sous-\u0153uvre &#8211; Dallages et dalles port\u00e9es, &#8211; R\u00e9seaux enterr\u00e9s de toutes natures, &#8211; Structure en b\u00e9ton, poteaux, poutres Blocs \u00e0 bancher, parpaings, briques pleines &hellip;<\/p>\n","protected":false},"author":1,"featured_media":0,"parent":0,"menu_order":0,"comment_status":"closed","ping_status":"closed","template":"","meta":{"_eb_attr":"","footnotes":""},"class_list":["post-3102","page","type-page","status-publish","hentry"],"_links":{"self":[{"href":"http:\/\/www.lcg-batiment-95.fr\/index.php?rest_route=\/wp\/v2\/pages\/3102","targetHints":{"allow":["GET"]}}],"collection":[{"href":"http:\/\/www.lcg-batiment-95.fr\/index.php?rest_route=\/wp\/v2\/pages"}],"about":[{"href":"http:\/\/www.lcg-batiment-95.fr\/index.php?rest_route=\/wp\/v2\/types\/page"}],"author":[{"embeddable":true,"href":"http:\/\/www.lcg-batiment-95.fr\/index.php?rest_route=\/wp\/v2\/users\/1"}],"replies":[{"embeddable":true,"href":"http:\/\/www.lcg-batiment-95.fr\/index.php?rest_route=%2Fwp%2Fv2%2Fcomments&post=3102"}],"version-history":[{"count":53,"href":"http:\/\/www.lcg-batiment-95.fr\/index.php?rest_route=\/wp\/v2\/pages\/3102\/revisions"}],"predecessor-version":[{"id":3272,"href":"http:\/\/www.lcg-batiment-95.fr\/index.php?rest_route=\/wp\/v2\/pages\/3102\/revisions\/3272"}],"wp:attachment":[{"href":"http:\/\/www.lcg-batiment-95.fr\/index.php?rest_route=%2Fwp%2Fv2%2Fmedia&parent=3102"}],"curies":[{"name":"wp","href":"https:\/\/api.w.org\/{rel}","templated":true}]}}